{"id":3335,"date":"2025-08-06T10:24:16","date_gmt":"2025-08-06T10:24:16","guid":{"rendered":"https:\/\/starlight-club.com\/?post_type=product&#038;p=3335"},"modified":"2025-08-06T10:24:39","modified_gmt":"2025-08-06T10:24:39","slug":"pivo-gulden-draak-quadruple-10-5-alc","status":"publish","type":"product","link":"https:\/\/starlight-club.com\/ru\/product\/pivo-gulden-draak-quadruple-10-5-alc\/","title":{"rendered":"Pivo Gulden Draak QUADRUPLE 10.5% al..."},"content":{"rendered":"<p>Punog tela, jako pivo sa izra\u017eenim notama su\u0161enog voc\u0301a, karamele i za\u010dina. Bogat, slo\u017een ukus i topao, dug zavr\u0161etak. 330 ml staklo<\/p>","protected":false},"excerpt":{"rendered":"<p>Punog tela, jako pivo sa izra\u017eenim notama su\u0161enog voc\u0301a, karamele i za\u010dina. Bogat, slo\u017een ukus i topao, dug zavr\u0161etak. 330 ml staklo<\/p>","protected":false},"featured_media":3327,"comment_status":"open","ping_status":"closed","template":"","meta":{"inline_featured_image":false,"_monsterinsights_skip_tracking":false,"_monsterinsights_sitenote_active":false,"_monsterinsights_sitenote_note":"","_monsterinsights_sitenote_category":0,"_price":"4.5","_stock":null,"_tribe_ticket_header":"","_tribe_default_ticket_provider":"","_tribe_ticket_capacity":"0","_ticket_start_date":"","_ticket_end_date":"","_tribe_ticket_show_description":"","_tribe_ticket_show_not_going":false,"_tribe_ticket_use_global_stock":"","_tribe_ticket_global_stock_level":"","_global_stock_mode":"","_global_stock_cap":"","_tribe_rsvp_for_event":"","_tribe_ticket_going_count":"","_tribe_ticket_not_going_count":"","_tribe_tickets_list":"[]","_tribe_ticket_has_attendee_info_fields":false},"product_brand":[123],"product_cat":[121,128],"product_tag":[125,124,140,126],"class_list":{"0":"post-3335","1":"product","2":"type-product","3":"status-publish","4":"has-post-thumbnail","6":"product_brand-bottle_shop","7":"product_cat-craft_beer","8":"product_cat-drinks","9":"product_tag-beer","10":"product_tag-craft","11":"product_tag-dark","12":"product_tag-drink","14":"first","15":"instock","16":"taxable","17":"shipping-taxable","18":"purchasable","19":"product-type-simple"},"_links":{"self":[{"href":"https:\/\/starlight-club.com\/ru\/wp-json\/wp\/v2\/product\/3335","targetHints":{"allow":["GET"]}}],"collection":[{"href":"https:\/\/starlight-club.com\/ru\/wp-json\/wp\/v2\/product"}],"about":[{"href":"https:\/\/starlight-club.com\/ru\/wp-json\/wp\/v2\/types\/product"}],"replies":[{"embeddable":true,"href":"https:\/\/starlight-club.com\/ru\/wp-json\/wp\/v2\/comments?post=3335"}],"wp:featuredmedia":[{"embeddable":true,"href":"https:\/\/starlight-club.com\/ru\/wp-json\/wp\/v2\/media\/3327"}],"wp:attachment":[{"href":"https:\/\/starlight-club.com\/ru\/wp-json\/wp\/v2\/media?parent=3335"}],"wp:term":[{"taxonomy":"product_brand","embeddable":true,"href":"https:\/\/starlight-club.com\/ru\/wp-json\/wp\/v2\/product_brand?post=3335"},{"taxonomy":"product_cat","embeddable":true,"href":"https:\/\/starlight-club.com\/ru\/wp-json\/wp\/v2\/product_cat?post=3335"},{"taxonomy":"product_tag","embeddable":true,"href":"https:\/\/starlight-club.com\/ru\/wp-json\/wp\/v2\/product_tag?post=3335"}],"curies":[{"name":"wp","href":"https:\/\/api.w.org\/{rel}","templated":true}]}}