{"id":2982,"date":"2025-07-29T13:56:15","date_gmt":"2025-07-29T13:56:15","guid":{"rendered":"https:\/\/starlight-club.com\/?post_type=product&#038;p=2982"},"modified":"2025-08-05T10:04:55","modified_gmt":"2025-08-05T10:04:55","slug":"pivo-baptist-saison-6-5-alc","status":"publish","type":"product","link":"https:\/\/starlight-club.com\/ru\/product\/pivo-baptist-saison-6-5-alc\/","title":{"rendered":"Pivo Baptist SAISON 6.5% alc."},"content":{"rendered":"<p>Klasi\u010dni belgijski saison sa karakteristi\u010dnom za\u010dinjenom i voc\u0301nom notom, blagom suvoc\u0301om i osve\u017eavajuc\u0301om kiselo\u0161c\u0301u. Umerenom gor\u010dinom i svetlom aromom za\u010dina i citrusa. 330 ml staklo<\/p>","protected":false},"excerpt":{"rendered":"<p>Klasi\u010dni belgijski saison sa karakteristi\u010dnom za\u010dinjenom i voc\u0301nom notom, blagom suvoc\u0301om i osve\u017eavajuc\u0301om kiselo\u0161c\u0301u.<\/p>","protected":false},"featured_media":2983,"comment_status":"open","ping_status":"closed","template":"","meta":{"inline_featured_image":false,"_monsterinsights_skip_tracking":false,"_monsterinsights_sitenote_active":false,"_monsterinsights_sitenote_note":"","_monsterinsights_sitenote_category":0,"_price":"3.2","_stock":null,"_tribe_ticket_header":"","_tribe_default_ticket_provider":"","_tribe_ticket_capacity":"0","_ticket_start_date":"","_ticket_end_date":"","_tribe_ticket_show_description":"","_tribe_ticket_show_not_going":false,"_tribe_ticket_use_global_stock":"","_tribe_ticket_global_stock_level":"","_global_stock_mode":"","_global_stock_cap":"","_tribe_rsvp_for_event":"","_tribe_ticket_going_count":"","_tribe_ticket_not_going_count":"","_tribe_tickets_list":"[]","_tribe_ticket_has_attendee_info_fields":false},"product_brand":[123],"product_cat":[121,128],"product_tag":[125,124,126,146],"class_list":{"0":"post-2982","1":"product","2":"type-product","3":"status-publish","4":"has-post-thumbnail","6":"product_brand-bottle_shop","7":"product_cat-craft_beer","8":"product_cat-drinks","9":"product_tag-beer","10":"product_tag-craft","11":"product_tag-drink","12":"product_tag-ipa","14":"first","15":"instock","16":"taxable","17":"shipping-taxable","18":"purchasable","19":"product-type-simple"},"_links":{"self":[{"href":"https:\/\/starlight-club.com\/ru\/wp-json\/wp\/v2\/product\/2982","targetHints":{"allow":["GET"]}}],"collection":[{"href":"https:\/\/starlight-club.com\/ru\/wp-json\/wp\/v2\/product"}],"about":[{"href":"https:\/\/starlight-club.com\/ru\/wp-json\/wp\/v2\/types\/product"}],"replies":[{"embeddable":true,"href":"https:\/\/starlight-club.com\/ru\/wp-json\/wp\/v2\/comments?post=2982"}],"wp:featuredmedia":[{"embeddable":true,"href":"https:\/\/starlight-club.com\/ru\/wp-json\/wp\/v2\/media\/2983"}],"wp:attachment":[{"href":"https:\/\/starlight-club.com\/ru\/wp-json\/wp\/v2\/media?parent=2982"}],"wp:term":[{"taxonomy":"product_brand","embeddable":true,"href":"https:\/\/starlight-club.com\/ru\/wp-json\/wp\/v2\/product_brand?post=2982"},{"taxonomy":"product_cat","embeddable":true,"href":"https:\/\/starlight-club.com\/ru\/wp-json\/wp\/v2\/product_cat?post=2982"},{"taxonomy":"product_tag","embeddable":true,"href":"https:\/\/starlight-club.com\/ru\/wp-json\/wp\/v2\/product_tag?post=2982"}],"curies":[{"name":"wp","href":"https:\/\/api.w.org\/{rel}","templated":true}]}}